{"id":99,"date":"2019-11-23T15:52:58","date_gmt":"2019-11-23T15:52:58","guid":{"rendered":"http:\/\/heikokupke.de\/?page_id=99"},"modified":"2022-04-13T15:01:05","modified_gmt":"2022-04-13T15:01:05","slug":"die-kursangebote","status":"publish","type":"page","link":"https:\/\/heikokupke.de\/?page_id=99","title":{"rendered":"Die Kursinhalte"},"content":{"rendered":"\n<p><strong>Kurse f\u00fcr Einsatzkr\u00e4fte der Feuerwehren und der Rettungsdienste:<br><\/strong><br>Abwehren, Wegschubsen oder Anspucken \u2013 das sind h\u00e4ufige \u00dcbergriffe gegen Rettungskr\u00e4fte, aber auch F\u00e4lle schwerer k\u00f6rperlicher Gewalt mehren sich. In meinen Kursen biete ich Handlungsm\u00f6glichkeiten f\u00fcr verschiedene Situationen an und erarbeite mit den Teilnehmer*innen L\u00f6sungsstrategien zum professionellen Umgang mit Gewalt.<\/p>\n\n\n\n<p><strong>Kurse f\u00fcr Mitarbeiter*innen in der \u00f6ffentlichen Verwaltung, in Banken und in Sparkassen:<\/strong><\/p>\n\n\n\n<p>Die Ursachen f\u00fcr Gewalt w\u00e4hrend der Aus\u00fcbung der beruflichen T\u00e4tigkeit sind vielf\u00e4ltig und k\u00f6nnen in der Person des T\u00e4ters, organisatorischen und bautechnischen Ursachen sowie im eigenen Verhalten begr\u00fcndet sein. Durch die Ver\u00e4nderung des eigenen Auftretens und \u00c4nderungen von organisatorischen Rahmenbedingungen kann man Gewaltbereitschaft reduzieren, Konflikte besser managen und sich selbst gegen k\u00f6rperliche Gewalt sch\u00fctzen.<\/p>\n\n\n\n<p><strong>Kurse f\u00fcr Lehrer*innen und (Schul-) Sozialp\u00e4dagog*innen:&nbsp;<\/strong><\/p>\n\n\n\n<p>P\u00e4dagog*innen werden im Arbeitsalltag beschimpft, bedroht, beleidigt, oder gar k\u00f6rperlich angegriffen. Geschulte Mitarbeiter*innen reagieren gelassener, treten selbstsicherer auf und reduzieren somit den Ausbruch k\u00f6rperlicher Gewalt. Ziel ist es, k\u00f6rperliche Gewalt zu verhindern und sorgsam mit Sch\u00fcler*innen, Klient*innen und deren Eltern sowie Angeh\u00f6rigen umgehen, ohne dabei auf die eigene k\u00f6rperliche und seelische Unversehrtheit zu verzichten.<\/p>\n\n\n\n<p><strong>Kurse f\u00fcr Pflegekr\u00e4fte:<\/strong><\/p>\n\n\n\n<p>Die zunehmende Gewalt am Arbeitsplatz trifft Menschen, die sich entschieden haben, Pflegebed\u00fcrftigen das Leben zu erleichtern. Und es stellt sich die Frage: Geh\u00f6rt das Erleiden von Gewalt zum Berufsbild, oder gibt es L\u00f6sungsstrategien, patientenorientiert mit Gewalt umzugehen? In meinen Kursen vermittle ich den Teilnehmer*innen L\u00f6sungsstrategien zum professionellen Umgang mit Gewalt.<\/p>\n\n\n\n<p><strong>FrauenselbstSicherheit:<\/strong><\/p>\n\n\n\n<p>Studien belegen, dass der Abbruch von Angriffen gegen Frauen umso h\u00e4ufiger geschieht, desto intensiver die Gegenwehr erfolgt. Durch die Analyse und das Durchspielen von Gefahrensituationen sch\u00e4rfen die Teilnehmerinnen in meinen Kursen ihre Wahrnehmung f\u00fcr gef\u00e4hrliche Situationen. Sie probieren verbale Strategien aus, erleben ihre eigenen Kr\u00e4fte und lernen so, eine Vielzahl von Handlungsm\u00f6glichkeiten f\u00fcr gef\u00e4hrliche Situationen kennen.<\/p>\n\n\n\n<p><strong>Girls \u2013 SV:<\/strong><\/p>\n\n\n\n<p>Wie komme ich sicher nach Hause, wenn mein\/e Fahrer*in etwas getrunken hat? Was sind&nbsp;KO &#8211; Tropfen? Wie gehe ich mit Anmachen oder sexuellen \u00dcbergriffen um? \u2026 Um die Teilnehmerinnen durch diese spannende, und leider nicht immer ungef\u00e4hrliche Lebensphase, zu begleiten, habe ich den Kurs f\u00fcr M\u00e4dchen zwischen 14 und 18 Jahren speziell auf diese Zielgruppe zugeschnitten.<\/p>\n\n\n\n<p><strong>Kurse f\u00fcr Mitarbeiter*innen in Wohnungswirtschaft:<\/strong><\/p>\n\n\n\n<p>Studien belegen, dass sich das nachbarschaftliche Zusammenleben in den letzten f\u00fcnf Jahren verschlechtert und Aggressivit\u00e4t zugenommen hat. Es stellt sich die Frage: Kann man durch die Ver\u00e4nderung des eigenen Auftretens Gewaltbereitschaft reduzieren, Konflikte besser managen und sich selbst gegen k\u00f6rperliche Gewalt sch\u00fctzen? In meinen Kursen biete ich Handlungsm\u00f6glichkeiten f\u00fcr verschiedene Situationen an.<\/p>\n","protected":false},"excerpt":{"rendered":"<p>Kurse f\u00fcr Einsatzkr\u00e4fte der Feuerwehren und der Rettungsdienste:Abwehren, Wegschubsen oder Anspucken \u2013 das sind h\u00e4ufige \u00dcbergriffe gegen Rettungskr\u00e4fte, aber auch F\u00e4lle schwerer k\u00f6rperlicher Gewalt mehren sich. In meinen Kursen biete ich Handlungsm\u00f6glichkeiten f\u00fcr verschiedene Situationen an und erarbeite mit den Teilnehmer*innen L\u00f6sungsstrategien zum professionellen Umgang mit Gewalt. Kurse f\u00fcr Mitarbeiter*innen in der \u00f6ffentlichen Verwaltung, in [&hellip;]<\/p>\n","protected":false},"author":1,"featured_media":0,"parent":0,"menu_order":0,"comment_status":"closed","ping_status":"closed","template":"","meta":[],"_links":{"self":[{"href":"https:\/\/heikokupke.de\/index.php?rest_route=\/wp\/v2\/pages\/99"}],"collection":[{"href":"https:\/\/heikokupke.de\/index.php?rest_route=\/wp\/v2\/pages"}],"about":[{"href":"https:\/\/heikokupke.de\/index.php?rest_route=\/wp\/v2\/types\/page"}],"author":[{"embeddable":true,"href":"https:\/\/heikokupke.de\/index.php?rest_route=\/wp\/v2\/users\/1"}],"replies":[{"embeddable":true,"href":"https:\/\/heikokupke.de\/index.php?rest_route=%2Fwp%2Fv2%2Fcomments&post=99"}],"version-history":[{"count":5,"href":"https:\/\/heikokupke.de\/index.php?rest_route=\/wp\/v2\/pages\/99\/revisions"}],"predecessor-version":[{"id":522,"href":"https:\/\/heikokupke.de\/index.php?rest_route=\/wp\/v2\/pages\/99\/revisions\/522"}],"wp:attachment":[{"href":"https:\/\/heikokupke.de\/index.php?rest_route=%2Fwp%2Fv2%2Fmedia&parent=99"}],"curies":[{"name":"wp","href":"https:\/\/api.w.org\/{rel}","templated":true}]}}