{"id":93,"date":"2019-11-23T15:49:13","date_gmt":"2019-11-23T15:49:13","guid":{"rendered":"http:\/\/heikokupke.de\/?page_id=93"},"modified":"2020-10-30T06:41:21","modified_gmt":"2020-10-30T06:41:21","slug":"pflegekraefte","status":"publish","type":"page","link":"https:\/\/heikokupke.de\/?page_id=93","title":{"rendered":"Pflegekr\u00e4fte"},"content":{"rendered":"\n<p class=\"has-medium-font-size\"><strong>Kurse f\u00fcr Pflegekr\u00e4fte<\/strong><\/p>\n\n\n\n<p>Ob im Krankenhaus, Heim oder ambulanten Dienst \u2013 viele Pflegekr\u00e4fte erleben in ihrem Arbeitsalltag Aggression und Gewalt. Laut einer Studie von verdi haben Gewalt und Aggression stark zugenommen. 87 &#8211; 89% der Befragten gaben an, im Arbeitsalltag mit Angriffen konfrontiert zu sein.&nbsp;<\/p>\n\n\n\n<p>Die zunehmende Gewalt am Arbeitsplatz trifft Menschen, die sich entschieden haben, Pflegebed\u00fcrftigen das Leben zu erleichtern. Pflegekr\u00e4fte leisten einen wichtigen Beitrag zur Genesung oder zur Aufrechterhaltung der Lebensqualit\u00e4t und fungieren nicht selten als Bindeglied zwischen ihrem Patienten und \u00c4rzten, Krankenkasse sowie der Familie.&nbsp;<\/p>\n\n\n\n<p>Es stellt sich die Frage: Geh\u00f6rt das Erleiden von Gewalt zum Berufsbild, oder gibt es L\u00f6sungsstrategien, patientenorientiert mit Gewalt umzugehen und sich auf die eigene k\u00f6rperliche und seelische Unversehrtheit zu fokussieren? In meinen Kursen biete ich Handlungsm\u00f6glichkeiten f\u00fcr verschiedene Situationen an und erarbeite mit den Teilnehmer*innen L\u00f6sungsstrategien zum professionellen Umgang mit Gewalt.&nbsp;<\/p>\n\n\n\n<p class=\"has-medium-font-size\">Die Kurse beinhalten:&nbsp;<\/p>\n\n\n\n<ul><li>Strategien zum Umgang mit Beleidigungen und provozierendem Verhalten<\/li><li>Unterlassene Hilfeleistung versus Eigenschutz<\/li><li>Psychologie des Angreifers<\/li><li>Analyse des Arbeitsplatzes und der Arbeitskleidung\u00a0<\/li><li>Individuelle W\u00fcnsche der Teilnehmer*innen<\/li><li>Einstellung zu meinem Gegen\u00fcber<\/li><li>Rechtliche Grundlagen<\/li><li>Erkennen von Pre-Attack-Zeichen (Angriffsvorzeichen)<\/li><li>Strategien zum Deeskalieren des Konflikts\u00a0<\/li><li>Techniken zum L\u00f6sen von Griffen<\/li><li>Techniken zur Abwehr von Schl\u00e4gen<\/li><li>Umgang mit Angst<\/li><li>Und vieles mehr &#8230;\u00a0<\/li><\/ul>\n\n\n\n<p class=\"has-medium-font-size\">Was sollen die Kurse erreichen?&nbsp;<\/p>\n\n\n\n<p>Geschultes Personal reagiert gelassener, tritt selbstsicherer auf und reduziert somit den Ausbruch von k\u00f6rperlicher Gewalt. Ziel ist es, k\u00f6rperliche Gewalt zu verhindern und sorgsam mit Bewohner*innen, Klient*innen und Patient*innen umzugehen, um ein weiteres Zusammenarbeiten zu erm\u00f6glichen. Dies ist ein Hauptkriterium des Kurses, welches ihn vom klassischen Selbstverteidigungskurs unterscheidet.&nbsp;<\/p>\n\n\n\n<p><\/p>\n\n\n\n<p><\/p>\n","protected":false},"excerpt":{"rendered":"<p>Kurse f\u00fcr Pflegekr\u00e4fte Ob im Krankenhaus, Heim oder ambulanten Dienst \u2013 viele Pflegekr\u00e4fte erleben in ihrem Arbeitsalltag Aggression und Gewalt. Laut einer Studie von verdi haben Gewalt und Aggression stark zugenommen. 87 &#8211; 89% der Befragten gaben an, im Arbeitsalltag mit Angriffen konfrontiert zu sein.&nbsp; Die zunehmende Gewalt am Arbeitsplatz trifft Menschen, die sich entschieden [&hellip;]<\/p>\n","protected":false},"author":1,"featured_media":0,"parent":0,"menu_order":0,"comment_status":"closed","ping_status":"closed","template":"","meta":[],"_links":{"self":[{"href":"https:\/\/heikokupke.de\/index.php?rest_route=\/wp\/v2\/pages\/93"}],"collection":[{"href":"https:\/\/heikokupke.de\/index.php?rest_route=\/wp\/v2\/pages"}],"about":[{"href":"https:\/\/heikokupke.de\/index.php?rest_route=\/wp\/v2\/types\/page"}],"author":[{"embeddable":true,"href":"https:\/\/heikokupke.de\/index.php?rest_route=\/wp\/v2\/users\/1"}],"replies":[{"embeddable":true,"href":"https:\/\/heikokupke.de\/index.php?rest_route=%2Fwp%2Fv2%2Fcomments&post=93"}],"version-history":[{"count":3,"href":"https:\/\/heikokupke.de\/index.php?rest_route=\/wp\/v2\/pages\/93\/revisions"}],"predecessor-version":[{"id":397,"href":"https:\/\/heikokupke.de\/index.php?rest_route=\/wp\/v2\/pages\/93\/revisions\/397"}],"wp:attachment":[{"href":"https:\/\/heikokupke.de\/index.php?rest_route=%2Fwp%2Fv2%2Fmedia&parent=93"}],"curies":[{"name":"wp","href":"https:\/\/api.w.org\/{rel}","templated":true}]}}