{"id":88,"date":"2019-11-23T15:44:39","date_gmt":"2019-11-23T15:44:39","guid":{"rendered":"http:\/\/heikokupke.de\/?page_id=88"},"modified":"2022-11-28T15:02:35","modified_gmt":"2022-11-28T15:02:35","slug":"ueber-mich","status":"publish","type":"page","link":"https:\/\/heikokupke.de\/?page_id=88","title":{"rendered":"\u00dcber mich"},"content":{"rendered":"\n<p>Heiko Kupke:<\/p>\n\n\n\n<ul><li>Fachwirt f\u00fcr Konfliktmanagement &amp; Selbstverteidigung<\/li><li>Kursleiter Frauen-Selbstverteidigung<\/li><li>Kursleiter \u201eNicht mit mir\u201c<\/li><li>Lehrteam Jugend des Deutschen Ju-Jutsu Verbandes<\/li><li>Lehrbeauftragter \u201eNicht mit mir\u201c<\/li><li>Trainer C-Breitensport Ju-Jutsu<\/li><li>aktiver Ju-Jutsu Trainer<\/li><li>Basic Licence realit\u00e4tsbezogenes Selbstverteidigungstraining<\/li><li>Schwarzer G\u00fcrtel Ju-Jutsu<\/li><li>Projektleiter \u201eNicht mit mir\u201c Polizeisportverein S\u00f6mmerda e.V.<\/li><li>diplomierter Bankbetriebswirt<\/li><li>\u00fcber 20 Jahre F\u00fchrungserfahrung bei Banken und Sparkassen<\/li><\/ul>\n\n\n\n<p><\/p>\n","protected":false},"excerpt":{"rendered":"<p>Heiko Kupke: Fachwirt f\u00fcr Konfliktmanagement &amp; Selbstverteidigung Kursleiter Frauen-Selbstverteidigung Kursleiter \u201eNicht mit mir\u201c Lehrteam Jugend des Deutschen Ju-Jutsu Verbandes Lehrbeauftragter \u201eNicht mit mir\u201c Trainer C-Breitensport Ju-Jutsu aktiver Ju-Jutsu Trainer Basic Licence realit\u00e4tsbezogenes Selbstverteidigungstraining Schwarzer G\u00fcrtel Ju-Jutsu Projektleiter \u201eNicht mit mir\u201c Polizeisportverein S\u00f6mmerda e.V. diplomierter Bankbetriebswirt \u00fcber 20 Jahre F\u00fchrungserfahrung bei Banken und Sparkassen<\/p>\n","protected":false},"author":1,"featured_media":0,"parent":0,"menu_order":0,"comment_status":"closed","ping_status":"closed","template":"","meta":[],"_links":{"self":[{"href":"https:\/\/heikokupke.de\/index.php?rest_route=\/wp\/v2\/pages\/88"}],"collection":[{"href":"https:\/\/heikokupke.de\/index.php?rest_route=\/wp\/v2\/pages"}],"about":[{"href":"https:\/\/heikokupke.de\/index.php?rest_route=\/wp\/v2\/types\/page"}],"author":[{"embeddable":true,"href":"https:\/\/heikokupke.de\/index.php?rest_route=\/wp\/v2\/users\/1"}],"replies":[{"embeddable":true,"href":"https:\/\/heikokupke.de\/index.php?rest_route=%2Fwp%2Fv2%2Fcomments&post=88"}],"version-history":[{"count":6,"href":"https:\/\/heikokupke.de\/index.php?rest_route=\/wp\/v2\/pages\/88\/revisions"}],"predecessor-version":[{"id":533,"href":"https:\/\/heikokupke.de\/index.php?rest_route=\/wp\/v2\/pages\/88\/revisions\/533"}],"wp:attachment":[{"href":"https:\/\/heikokupke.de\/index.php?rest_route=%2Fwp%2Fv2%2Fmedia&parent=88"}],"curies":[{"name":"wp","href":"https:\/\/api.w.org\/{rel}","templated":true}]}}