{"id":543,"date":"2023-05-13T19:34:40","date_gmt":"2023-05-13T19:34:40","guid":{"rendered":"http:\/\/heikokupke.de\/?page_id=543"},"modified":"2023-09-29T07:21:39","modified_gmt":"2023-09-29T07:21:39","slug":"aktuelle-termine","status":"publish","type":"page","link":"https:\/\/heikokupke.de\/?page_id=543","title":{"rendered":"Aktuelle Termine"},"content":{"rendered":"\n<p><strong>&#8222;Nicht mit mir&#8220; mit der AOK PLUS<br><\/strong>Gewaltpr\u00e4vention &#8211; Selbstbehauptung &#8211; Selbstverteidigung<br>f\u00fcr Kinder<br><br>Am: 13.11., 20.11. und 27.11.2023 jeweils 16:30 bis 18:00 Uhr<br><br>Wo: AOK PLUS Filiale S\u00f6mmerda<br><br>Referent: Heiko Kupke<\/p>\n\n\n\n<p><a href=\"https:\/\/www.aok.de\/pk\/plus\/filialangebote\/suche\/?view=detail&amp;eventId=329903&amp;eventClientId=10\">Weitere Informationen:<\/a> <\/p>\n\n\n\n<p><\/p>\n","protected":false},"excerpt":{"rendered":"<p>&#8222;Nicht mit mir&#8220; mit der AOK PLUSGewaltpr\u00e4vention &#8211; Selbstbehauptung &#8211; Selbstverteidigungf\u00fcr Kinder Am: 13.11., 20.11. und 27.11.2023 jeweils 16:30 bis 18:00 Uhr Wo: AOK PLUS Filiale S\u00f6mmerda Referent: Heiko Kupke Weitere Informationen:<\/p>\n","protected":false},"author":1,"featured_media":0,"parent":0,"menu_order":0,"comment_status":"closed","ping_status":"closed","template":"","meta":[],"_links":{"self":[{"href":"https:\/\/heikokupke.de\/index.php?rest_route=\/wp\/v2\/pages\/543"}],"collection":[{"href":"https:\/\/heikokupke.de\/index.php?rest_route=\/wp\/v2\/pages"}],"about":[{"href":"https:\/\/heikokupke.de\/index.php?rest_route=\/wp\/v2\/types\/page"}],"author":[{"embeddable":true,"href":"https:\/\/heikokupke.de\/index.php?rest_route=\/wp\/v2\/users\/1"}],"replies":[{"embeddable":true,"href":"https:\/\/heikokupke.de\/index.php?rest_route=%2Fwp%2Fv2%2Fcomments&post=543"}],"version-history":[{"count":5,"href":"https:\/\/heikokupke.de\/index.php?rest_route=\/wp\/v2\/pages\/543\/revisions"}],"predecessor-version":[{"id":554,"href":"https:\/\/heikokupke.de\/index.php?rest_route=\/wp\/v2\/pages\/543\/revisions\/554"}],"wp:attachment":[{"href":"https:\/\/heikokupke.de\/index.php?rest_route=%2Fwp%2Fv2%2Fmedia&parent=543"}],"curies":[{"name":"wp","href":"https:\/\/api.w.org\/{rel}","templated":true}]}}