{"id":412,"date":"2020-10-30T07:18:07","date_gmt":"2020-10-30T07:18:07","guid":{"rendered":"http:\/\/heikokupke.de\/?page_id=412"},"modified":"2020-10-30T07:18:07","modified_gmt":"2020-10-30T07:18:07","slug":"nicht-mit-mir-2","status":"publish","type":"page","link":"https:\/\/heikokupke.de\/?page_id=412","title":{"rendered":"Nicht mit mir"},"content":{"rendered":"\n<p><strong>Kurse f\u00fcr Kinder &amp; Jugendliche &#8211; \u201eNicht mit mir\u201c<\/strong><\/p>\n\n\n\n<p>\u201eNicht mit mir\u201c ist ein Konzept, welches unsere Kinder st\u00e4rken soll. Es soll unseren Kindern helfen, mit allt\u00e4glichen und au\u00dfergew\u00f6hnlichen, bis hin zu gef\u00e4hrlichen Situationen klar zu kommen und L\u00f6sungen parat zu haben, ad\u00e4quat mit der Situation umzugehen.<\/p>\n\n\n\n<p><strong>Kursleiter*innenausbildung \u201eNicht mit mir\u201c \u2013 Lizenzausbildung<\/strong><\/p>\n\n\n\n<p>Als Lehrbeauftragter \u201eNicht mit mir\u201c im Lehrteam der Jugend im Deutschen Ju-Jutsu Verband e.V. und Vizepr\u00e4sident des Th\u00fcringer Ju-Jutsu Verbandes e.V. helfe ich gern, eine Kursleiterausbildung innerhalb deines Vereins, oder Landesverbandes zu organisieren.<\/p>\n","protected":false},"excerpt":{"rendered":"<p>Kurse f\u00fcr Kinder &amp; Jugendliche &#8211; \u201eNicht mit mir\u201c \u201eNicht mit mir\u201c ist ein Konzept, welches unsere Kinder st\u00e4rken soll. Es soll unseren Kindern helfen, mit allt\u00e4glichen und au\u00dfergew\u00f6hnlichen, bis hin zu gef\u00e4hrlichen Situationen klar zu kommen und L\u00f6sungen parat zu haben, ad\u00e4quat mit der Situation umzugehen. Kursleiter*innenausbildung \u201eNicht mit mir\u201c \u2013 Lizenzausbildung Als Lehrbeauftragter [&hellip;]<\/p>\n","protected":false},"author":1,"featured_media":0,"parent":0,"menu_order":0,"comment_status":"closed","ping_status":"closed","template":"","meta":[],"_links":{"self":[{"href":"https:\/\/heikokupke.de\/index.php?rest_route=\/wp\/v2\/pages\/412"}],"collection":[{"href":"https:\/\/heikokupke.de\/index.php?rest_route=\/wp\/v2\/pages"}],"about":[{"href":"https:\/\/heikokupke.de\/index.php?rest_route=\/wp\/v2\/types\/page"}],"author":[{"embeddable":true,"href":"https:\/\/heikokupke.de\/index.php?rest_route=\/wp\/v2\/users\/1"}],"replies":[{"embeddable":true,"href":"https:\/\/heikokupke.de\/index.php?rest_route=%2Fwp%2Fv2%2Fcomments&post=412"}],"version-history":[{"count":1,"href":"https:\/\/heikokupke.de\/index.php?rest_route=\/wp\/v2\/pages\/412\/revisions"}],"predecessor-version":[{"id":413,"href":"https:\/\/heikokupke.de\/index.php?rest_route=\/wp\/v2\/pages\/412\/revisions\/413"}],"wp:attachment":[{"href":"https:\/\/heikokupke.de\/index.php?rest_route=%2Fwp%2Fv2%2Fmedia&parent=412"}],"curies":[{"name":"wp","href":"https:\/\/api.w.org\/{rel}","templated":true}]}}