{"id":405,"date":"2020-10-30T07:08:21","date_gmt":"2020-10-30T07:08:21","guid":{"rendered":"http:\/\/heikokupke.de\/?page_id=405"},"modified":"2020-10-30T07:27:41","modified_gmt":"2020-10-30T07:27:41","slug":"nicht-mit-mir","status":"publish","type":"page","link":"https:\/\/heikokupke.de\/?page_id=405","title":{"rendered":"Kinder &#038; Jugendliche"},"content":{"rendered":"\n<p class=\"has-medium-font-size\"><strong>Kurse f\u00fcr Kinder &amp; Jugendliche<\/strong><\/p>\n\n\n\n<p>\u201eNicht mit mir\u201c ist ein Konzept, welches unsere Kinder st\u00e4rken soll. Es soll unseren Kindern helfen, mit allt\u00e4glichen und au\u00dfergew\u00f6hnlichen, bis hin zu gef\u00e4hrlichen Situationen klar zu kommen und L\u00f6sungen parat zu haben, ad\u00e4quat mit der Situation umzugehen.<\/p>\n\n\n\n<p class=\"has-medium-font-size\">Die Kurse beinhalten folgende Lernziele:<\/p>\n\n\n\n<ul><li>auf Situationen aufmerksam machen<\/li><li>Flucht und Hilfe organisieren<\/li><li>Nicht mit Fremden mitgehen!<\/li><li>Nein sagen \u2013 gute und schlechte Geheimnisse (sexualiserte Gewalt)<\/li><li>Ich bin Stark \u2013 Rettungsinseln<\/li><li>Umgang mit Beleidigungen und Mobbing<\/li><li>Deeskalation und Intervention<\/li><li>Ich bin Stark \u2013 kindgerechte Selbstverteidigungstechniken<br>(Bei der Vermittlung wird zwischen Schulhof- &amp; Notfalltechniken unterschieden)<\/li><\/ul>\n\n\n\n<p class=\"has-medium-font-size\">Ziel des Kurses ist es:<\/p>\n\n\n\n<p>\u2026 ein sicheres Lebensgef\u00fchl zu vermitteln und das Selbstbewusstsein zu steigern. In erster Linie geht es darum, Gefahren zu erkennen und diesen aus dem Weg zu gehen. Sollte es zu Konfliktsituationen kommen, gilt es diesen Konflikt durch ein selbstbewusstes Auftreten zu entsch\u00e4rfen, sich Hilfe zu organisieren oder zu fl\u00fcchten. F\u00fcr den Fall eines k\u00f6rperlichen Angriffs erlernen die Kinder Selbstverteidigungstechniken, die es erm\u00f6glichen k\u00f6nnen, Zeit zu gewinnen, wegzulaufen und\/oder laut um Hilfe zu schreien.&nbsp;<\/p>\n","protected":false},"excerpt":{"rendered":"<p>Kurse f\u00fcr Kinder &amp; Jugendliche \u201eNicht mit mir\u201c ist ein Konzept, welches unsere Kinder st\u00e4rken soll. Es soll unseren Kindern helfen, mit allt\u00e4glichen und au\u00dfergew\u00f6hnlichen, bis hin zu gef\u00e4hrlichen Situationen klar zu kommen und L\u00f6sungen parat zu haben, ad\u00e4quat mit der Situation umzugehen. Die Kurse beinhalten folgende Lernziele: auf Situationen aufmerksam machen Flucht und Hilfe [&hellip;]<\/p>\n","protected":false},"author":1,"featured_media":0,"parent":0,"menu_order":0,"comment_status":"closed","ping_status":"closed","template":"","meta":[],"_links":{"self":[{"href":"https:\/\/heikokupke.de\/index.php?rest_route=\/wp\/v2\/pages\/405"}],"collection":[{"href":"https:\/\/heikokupke.de\/index.php?rest_route=\/wp\/v2\/pages"}],"about":[{"href":"https:\/\/heikokupke.de\/index.php?rest_route=\/wp\/v2\/types\/page"}],"author":[{"embeddable":true,"href":"https:\/\/heikokupke.de\/index.php?rest_route=\/wp\/v2\/users\/1"}],"replies":[{"embeddable":true,"href":"https:\/\/heikokupke.de\/index.php?rest_route=%2Fwp%2Fv2%2Fcomments&post=405"}],"version-history":[{"count":4,"href":"https:\/\/heikokupke.de\/index.php?rest_route=\/wp\/v2\/pages\/405\/revisions"}],"predecessor-version":[{"id":419,"href":"https:\/\/heikokupke.de\/index.php?rest_route=\/wp\/v2\/pages\/405\/revisions\/419"}],"wp:attachment":[{"href":"https:\/\/heikokupke.de\/index.php?rest_route=%2Fwp%2Fv2%2Fmedia&parent=405"}],"curies":[{"name":"wp","href":"https:\/\/api.w.org\/{rel}","templated":true}]}}