{"id":335,"date":"2020-10-29T17:02:48","date_gmt":"2020-10-29T17:02:48","guid":{"rendered":"http:\/\/heikokupke.de\/?page_id=335"},"modified":"2020-10-30T06:29:43","modified_gmt":"2020-10-30T06:29:43","slug":"einsatzkraefte","status":"publish","type":"page","link":"https:\/\/heikokupke.de\/?page_id=335","title":{"rendered":"Einsatzkr\u00e4fte"},"content":{"rendered":"\n<p class=\"has-medium-font-size\">Kurse f\u00fcr Einsatzkr\u00e4fte der Feuerwehren und Rettungsdienste<\/p>\n\n\n\n<p>Durch Feuerwehren und Hilfsorganisationen der Rettungsdienste wird die zunehmende k\u00f6rperliche und verbale Gewalt gegen\u00fcber Einsatzkr\u00e4ften beklagt. Laut dem Landespr\u00e4ventionsrat Th\u00fcringen gibt es kaum objektive Daten zur Aus\u00fcbung von Gewalt gegen Einsatz- und Rettungskr\u00e4fte in Th\u00fcringen. Eine Studie der Unfallkasse Nordrhein-Westfalen (NRW) belegt, dass 98% der Rettungskr\u00e4fte in NRW bereits verbale Gewalt erlebt haben. Von Erfahrungen mit mindestens einem aggressiven \u00dcbergriff berichten 59%.<\/p>\n\n\n\n<p>Wenn Betrunkene sich gegen Hilfe wehren und wenn Rettungskr\u00e4fte im Einsatz f\u00fcr Leib und Leben anderer behindert und beschimpft werden, dann sind das l\u00e4ngst keine Einzelf\u00e4lle. Abwehren, Wegschubsen oder Anspucken \u2013 das sind h\u00e4ufige \u00dcbergriffe gegen Rettungskr\u00e4fte, aber auch die F\u00e4lle von k\u00f6rperlicher, strafrechtlich relevanter Gewalt mehren sich.<\/p>\n\n\n\n<p>Es stellt sich die Frage: Geh\u00f6rt das Erleiden von Gewalt zum Berufsbild oder gibt es L\u00f6sungsstrategien, ad\u00e4quat mit Gewalt umzugehen und sich auf die eigene k\u00f6rperliche und seelische Unversehrtheit zu fokussieren? In meinen Kursen biete ich Handlungsm\u00f6glichkeiten f\u00fcr verschiedene Situationen an und erarbeite mit den Teilnehmer*innen L\u00f6sungsstrategien zum professionellen Umgang mit Gewalt.<\/p>\n\n\n\n<p class=\"has-medium-font-size\">Die Kurse beinhalten:<\/p>\n\n\n\n<ul><li>Individuelle W\u00fcnsche der Teilnehmer*innen<\/li><li>Einstellung zu meinem Gegen\u00fcber<\/li><li>Rechtliche Grundlagen<\/li><li>Erkennen von Pre-Attack-Zeichen (Angriffsvorzeichen)<\/li><li>Strategien zum Deeskalieren des Konflikts<\/li><li>Helfen und Hilfe organisieren<br>(Ein probates Mittel, da Rettungskr\u00e4fte meist nicht allein unterwegs sind)<\/li><li>Strategien zum Umgang mit Beleidigungen und provozierendem Verhalten<\/li><li>Unterlassene Hilfeleistung versus Eigenschutz<\/li><li>Einsatz von Stimme und K\u00f6rpersprache<\/li><li>Psychologie des Angreifers<\/li><li>Analyse des Arbeitsplatzes und der Arbeitskleidung<\/li><li>Techniken zum L\u00f6sen von Griffen<\/li><li>Techniken zur Abwehr von Schl\u00e4gen<\/li><li>Umgang mit Angst<\/li><li>Und vieles mehr \u2026<\/li><\/ul>\n\n\n\n<p class=\"has-medium-font-size\">Was sollen die Kurse erreichen?<\/p>\n\n\n\n<p>Geschultes Personal reagiert gelassener, tritt selbstsicherer auf und reduziert somit den Ausbruch von k\u00f6rperlicher Gewalt. Ziel ist es, k\u00f6rperliche Gewalt zu verhindern und sorgsam mit Patient*innen, Betroffenen und deren Angeh\u00f6rigen umzugehen, um ein weiteres Zusammenarbeiten zu erm\u00f6glichen. Dies ist ein Hauptkriterium des Kurses, welches ihn vom klassischen Selbstverteidigungskurs unterscheidet.&nbsp;<\/p>\n\n\n\n<p><\/p>\n\n\n\n<p><\/p>\n","protected":false},"excerpt":{"rendered":"<p>Kurse f\u00fcr Einsatzkr\u00e4fte der Feuerwehren und Rettungsdienste Durch Feuerwehren und Hilfsorganisationen der Rettungsdienste wird die zunehmende k\u00f6rperliche und verbale Gewalt gegen\u00fcber Einsatzkr\u00e4ften beklagt. Laut dem Landespr\u00e4ventionsrat Th\u00fcringen gibt es kaum objektive Daten zur Aus\u00fcbung von Gewalt gegen Einsatz- und Rettungskr\u00e4fte in Th\u00fcringen. Eine Studie der Unfallkasse Nordrhein-Westfalen (NRW) belegt, dass 98% der Rettungskr\u00e4fte in NRW [&hellip;]<\/p>\n","protected":false},"author":1,"featured_media":0,"parent":0,"menu_order":0,"comment_status":"closed","ping_status":"closed","template":"","meta":[],"_links":{"self":[{"href":"https:\/\/heikokupke.de\/index.php?rest_route=\/wp\/v2\/pages\/335"}],"collection":[{"href":"https:\/\/heikokupke.de\/index.php?rest_route=\/wp\/v2\/pages"}],"about":[{"href":"https:\/\/heikokupke.de\/index.php?rest_route=\/wp\/v2\/types\/page"}],"author":[{"embeddable":true,"href":"https:\/\/heikokupke.de\/index.php?rest_route=\/wp\/v2\/users\/1"}],"replies":[{"embeddable":true,"href":"https:\/\/heikokupke.de\/index.php?rest_route=%2Fwp%2Fv2%2Fcomments&post=335"}],"version-history":[{"count":2,"href":"https:\/\/heikokupke.de\/index.php?rest_route=\/wp\/v2\/pages\/335\/revisions"}],"predecessor-version":[{"id":391,"href":"https:\/\/heikokupke.de\/index.php?rest_route=\/wp\/v2\/pages\/335\/revisions\/391"}],"wp:attachment":[{"href":"https:\/\/heikokupke.de\/index.php?rest_route=%2Fwp%2Fv2%2Fmedia&parent=335"}],"curies":[{"name":"wp","href":"https:\/\/api.w.org\/{rel}","templated":true}]}}