{"id":116,"date":"2019-11-25T20:40:04","date_gmt":"2019-11-25T20:40:04","guid":{"rendered":"http:\/\/heikokupke.de\/?page_id=116"},"modified":"2020-04-24T07:41:44","modified_gmt":"2020-04-24T07:41:44","slug":"datenschutzerklaerung","status":"publish","type":"page","link":"https:\/\/heikokupke.de\/?page_id=116","title":{"rendered":"Datenschutzerkl\u00e4rung"},"content":{"rendered":"\n<p><br>Datenschutz<br>Als Betreiber der Webseite https:\/\/heikokupke.de nehme ich den Schutz Ihrer pers\u00f6nlichen Daten sehr ernst. Ich behandele Ihre personenbezogenen Daten vertraulich und entsprechend der gesetzlichen Datenschutzvorschriften sowie dieser Datenschutzerkl\u00e4rung. Die Nutzung meiner Webseite ist grunds\u00e4tzlich ohne Angabe personenbezogener Daten m\u00f6glich. Eine Angabe personenbezogener Daten (beispielsweise Name, Anschrift oder E-Mail-Adressen) in Kontakt- und Anfrageformularen, erfolgt stets auf freiwilliger Basis. Diese Daten werden ohne Ihre ausdr\u00fcckliche Zustimmung nicht an Dritte weitergegeben. Ich weise darauf hin, dass die Daten\u00fcbertragung im Internet (z.B. bei der Kommunikation per E-Mail) Sicherheitsl\u00fccken aufweisen kann. Ein l\u00fcckenloser Schutz der Daten vor dem Zugriff durch Dritte ist nicht m\u00f6glich. Wenn Sie mir E-Mails mittels Ihres E-Mails-Programms schreiben erfolgt dies regelm\u00e4\u00dfig unverschl\u00fcsselt und liegt au\u00dferhalb meiner Verantwortung. Nutzen Sie das Kontaktformular oder andere Formulare dieser Webseite, erfolgt die Daten\u00fcbertragung verschl\u00fcsselt mit SSL\/TLS.<\/p>\n\n\n\n<p>Cookies<br>\nDiese Webseite verwendet teilweise so genannte Cookies. Cookies richten auf Ihrem Rechner keinen Schaden an und enthalten keine Viren. Cookies dienen dazu, das Informationsangebot dieser Webseite nutzerfreundlicher, effektiver und sicherer zu machen. Cookies sind kleine Textdateien, die auf Ihrem Rechner abgelegt werden und die Ihr Browser speichert. Die meisten der von meiner Seite verwendeten Cookies sind so genannte \u201eSession-Cookies\u201c. Sie werden nach Ende Ihres Besuchs automatisch gel\u00f6scht. Andere Cookies bleiben auf Ihrem Endger\u00e4t gespeichert, bis Sie diese l\u00f6schen. Diese Cookies erm\u00f6glichen es, Ihren Browser beim n\u00e4chsten Besuch der Webseite wiederzuerkennen. Sie k\u00f6nnen Ihren Browser so einstellen, dass Sie \u00fcber das Setzen von Cookies informiert werden und Cookies nur im Einzelfall erlauben, die Annahme von Cookies f\u00fcr bestimmte F\u00e4lle oder generell ausschlie\u00dfen sowie das automatische L\u00f6schen der Cookies beim Schlie\u00dfen des Browsers aktivieren. Bei der Deaktivierung von Cookies kann die Funktionalit\u00e4t dieser Website eingeschr\u00e4nkt sein.<\/p>\n\n\n\n<p>Server-Log-Files<br>\nDer Provider der Seiten (Betreiber des Webservers) erhebt und speichert automatisch Informationen in so genannten Server-Log-Files, die Ihr Browser automatisch \u00fcbermittelt. Dies sind: Browsertyp und Browserversion verwendetes Betriebssystem Referrer URL Hostname des zugreifenden Rechners Uhrzeit der Serveranfrage Diese Daten werden teilanonymisiert erhoben und sind somit nicht bestimmten Personen zuordenbar. Eine Zusammenf\u00fchrung dieser Daten mit anderen Datenquellen wird nicht vorgenommen. Ich behalte mir vor, diese Daten nachtr\u00e4glich zu pr\u00fcfen, wenn mir konkrete Anhaltspunkte f\u00fcr eine rechtswidrige Nutzung bekannt werden.<\/p>\n\n\n\n<p>Kontakt- und Anfrageformulare<br>\nWenn Sie mir per Formular Anfragen zukommen lassen, werden Ihre Angaben aus dem Formular inklusive der von Ihnen dort angegebenen Kontaktdaten zwecks Bearbeitung der Anfrage und f\u00fcr den Fall von Anschlussfragen in einer Datenbank auf dem Webserver gespeichert. Diese Daten verwende ich ausschlei\u00dflich f\u00fcr den vorgenannten Zweck. Eine Weitergabe an Dritte ist nicht erforderlich und geplant und w\u00fcrde auch nicht ohne Ihre Einwilligung geschehen.<\/p>\n\n\n\n<p>Datenschutzerkl\u00e4rung f\u00fcr die Nutzung von WordPress Stats<br>\nDiese Website benutzt WordPress.com-Stats, ein Tool zur statistischen Auswertung der Besucherzugriffe, betrieben von Automattic Inc., 60 29th Street #343, San Francisco, CA 94110-4929, USA, unter Einsatz der Trackingtechnologie von Quantcast Inc., 201 3rd St, Floor 2, San Francisco, CA 94103-3153, USA. WordPress.com-Stats verwendet sog. \u201eCookies\u201c (Bezeichnung: jetpackState[message], G\u00fcltigkeit: f\u00fcr die Dauer der Sitzung), Textdateien, die auf Ihrem Computer gespeichert werden und die eine Analyse der Benutzung der Website durch Sie erm\u00f6glichen. Die durch den Cookie erzeugten Informationen \u00fcber Ihre Benutzung dieses Internetangebotes werden auf einem Server in den USA gespeichert. Die IP-Adresse wird sofort nach der Verarbeitung und vor deren Speicherung anonymisiert. Sie k\u00f6nnen die Installation der Cookies durch eine entsprechende Einstellung Ihrer Browser-Software verhindern; wir weisen Sie jedoch darauf hin, dass Sie in diesem Fall gegebenenfalls nicht s\u00e4mtliche Funktionen dieser Website vollumf\u00e4nglich nutzen k\u00f6nnen. Sie k\u00f6nnen der Erhebung und Nutzung der Daten durch Quantcast mit Wirkung f\u00fcr die Zukunft widersprechen, indem Sie an dieser Stelle durch einen Klick auf den Link \u201eClick here to opt-out\u201c ein Opt-Out-Cookie in Ihrem Browser setzen: http:\/\/www.quantcast.com\/opt-out. Sollten Sie alle Cookies auf Ihrem Rechner l\u00f6schen, m\u00fcssen Sie das Opt-Out-Cookie erneut setzen.<\/p>\n\n\n\n<p>Kommentarfunktion auf dieser Webseite<br>\nDie Kommentarfunktion der Webseite ist aktuell deaktiviert. Sobald die Rechtslage nach Inkrafttreten der DSGVO klar ist, entscheide ich \u00fcber eine Nutzung der Funktion.<\/p>\n\n\n\n<p>Wenn die Kommentarfunktion aktiviert w\u00e4re, w\u00fcrden folgende Hinweise gelten:<br>\nF\u00fcr die Kommentarfunktion auf dieser Seite werden neben Ihrem Kommentar auch Angaben zum Zeitpunkt der Erstellung des Kommentars, Ihre E-Mail-Adresse und, wenn Sie nicht anonym posten, der von Ihnen gew\u00e4hlte Nutzername gespeichert. Die Daten\u00fcbertragung zum Webserver erfolgt verschl\u00fcsselt via SSL\/TLS.<br>\nSpeicherung der IP Adresse<br>\nDie Kommentarfunktion der Webseite speichert die IP-Adressen der Nutzer, die Kommentare verfassen. Da ich Kommentare auf meiner Seite nicht vor der Freischaltung pr\u00fcfe, ben\u00f6tige ich diese Daten, um im Falle von Rechtsverletzungen wie Beleidigungen oder fremdenfeindlicher Hetze gegen den Verfasser vorgehen zu k\u00f6nnen.<br>\nAbonnieren von Kommentaren<br>\nAls Nutzer der Seite k\u00f6nnen Sie nach einer Anmeldung Kommentare abonnieren. Sie erhalten eine Best\u00e4tigungsemail, um zu pr\u00fcfen, ob Sie der Inhaber der angegebenen E-Mail-Adresse sind. Sie k\u00f6nnen diese Funktion jederzeit \u00fcber einen Link in den Info-Mails abbestellen.<\/p>\n\n\n\n<p>Auskunft, L\u00f6schung, Sperrung<br>\nSie haben jederzeit das Recht auf unentgeltliche Auskunft \u00fcber Ihre gespeicherten personenbezogenen Daten, deren Herkunft und Empf\u00e4nger und den Zweck der Datenverarbeitung sowie ein Recht auf Berichtigung, Sperrung oder L\u00f6schung dieser Daten. Hierzu sowie zu weiteren Fragen zum Thema personenbezogene Daten k\u00f6nnen Sie sich jederzeit unter der im Impressum angegebenen Unternehmensadresse an mich wenden.<br>\nWiderspruch Werbe-Mails<br>\nDer Nutzung von im Rahmen der Impressumspflicht ver\u00f6ffentlichten Kontaktdaten zur \u00dcbersendung von nicht ausdr\u00fccklich angeforderter Werbung und Informationsmaterialien wird hiermit widersprochen. Als Betreiber der Seite behalte ich mir ausdr\u00fccklich rechtliche Schritte im Falle der unverlangten Zusendung von Werbeinformationen, etwa durch Spam-E-Mails, vor.<\/p>\n","protected":false},"excerpt":{"rendered":"<p>DatenschutzAls Betreiber der Webseite https:\/\/heikokupke.de nehme ich den Schutz Ihrer pers\u00f6nlichen Daten sehr ernst. Ich behandele Ihre personenbezogenen Daten vertraulich und entsprechend der gesetzlichen Datenschutzvorschriften sowie dieser Datenschutzerkl\u00e4rung. Die Nutzung meiner Webseite ist grunds\u00e4tzlich ohne Angabe personenbezogener Daten m\u00f6glich. Eine Angabe personenbezogener Daten (beispielsweise Name, Anschrift oder E-Mail-Adressen) in Kontakt- und Anfrageformularen, erfolgt stets auf [&hellip;]<\/p>\n","protected":false},"author":1,"featured_media":0,"parent":0,"menu_order":0,"comment_status":"closed","ping_status":"closed","template":"","meta":[],"_links":{"self":[{"href":"https:\/\/heikokupke.de\/index.php?rest_route=\/wp\/v2\/pages\/116"}],"collection":[{"href":"https:\/\/heikokupke.de\/index.php?rest_route=\/wp\/v2\/pages"}],"about":[{"href":"https:\/\/heikokupke.de\/index.php?rest_route=\/wp\/v2\/types\/page"}],"author":[{"embeddable":true,"href":"https:\/\/heikokupke.de\/index.php?rest_route=\/wp\/v2\/users\/1"}],"replies":[{"embeddable":true,"href":"https:\/\/heikokupke.de\/index.php?rest_route=%2Fwp%2Fv2%2Fcomments&post=116"}],"version-history":[{"count":4,"href":"https:\/\/heikokupke.de\/index.php?rest_route=\/wp\/v2\/pages\/116\/revisions"}],"predecessor-version":[{"id":175,"href":"https:\/\/heikokupke.de\/index.php?rest_route=\/wp\/v2\/pages\/116\/revisions\/175"}],"wp:attachment":[{"href":"https:\/\/heikokupke.de\/index.php?rest_route=%2Fwp%2Fv2%2Fmedia&parent=116"}],"curies":[{"name":"wp","href":"https:\/\/api.w.org\/{rel}","templated":true}]}}